{"id":382,"date":"2021-07-16T11:36:11","date_gmt":"2021-07-16T11:36:11","guid":{"rendered":"https:\/\/livewp.site\/wp\/md\/ewebot\/contact-us\/"},"modified":"2024-07-24T01:01:15","modified_gmt":"2024-07-24T01:01:15","slug":"contact-us","status":"publish","type":"page","link":"https:\/\/pro-webdesigns.co.uk\/az\/contact-us\/","title":{"rendered":"Biziml\u0259 \u0259laq\u0259 saxlay\u0131n"},"content":{"rendered":"<div data-elementor-type=\"wp-post\" data-elementor-id=\"382\" class=\"elementor elementor-382\">\n\t\t\t\t\t\t<section class=\"elementor-section elementor-top-section elementor-element elementor-element-97ab970 elementor-section-boxed elementor-section-height-default elementor-section-height-default\" data-id=\"97ab970\" data-element_type=\"section\">\n\t\t\t\t\t\t<div class=\"elementor-container elementor-column-gap-default\">\n\t\t\t\t\t<div class=\"elementor-column elementor-col-25 elementor-top-column elementor-element elementor-element-fd85011\" data-id=\"fd85011\" data-element_type=\"column\">\n\t\t\t<div class=\"elementor-widget-wrap\">\n\t\t\t\t\t\t\t<\/div>\n\t\t<\/div>\n\t\t\t\t<div class=\"elementor-column elementor-col-50 elementor-top-column elementor-element elementor-element-795f762\" data-id=\"795f762\" data-element_type=\"column\">\n\t\t\t<div class=\"elementor-widget-wrap elementor-element-populated\">\n\t\t\t\t\t\t<div class=\"elementor-element-custom_font_size elementor-element-custom_font_family elementor-element-custom_font_weight elementor-element-custom_color elementor-element elementor-element-1acea53 elementor-widget elementor-widget-text-editor\" data-id=\"1acea53\" data-element_type=\"widget\" data-widget_type=\"text-editor.default\">\n\t\t\t\t<div class=\"elementor-widget-container\">\n\t\t\t\t\t\t\t<h5>Biznes<\/h5>\t\t\t\t\t\t<\/div>\n\t\t\t\t<\/div>\n\t\t\t\t<div class=\"elementor-element elementor-element-7a4c063 elementor-widget elementor-widget-heading\" data-id=\"7a4c063\" data-element_type=\"widget\" data-widget_type=\"heading.default\">\n\t\t\t\t<div class=\"elementor-widget-container\">\n\t\t\t<h2 class=\"elementor-heading-title elementor-size-default\">Biznesiniz \u00fc\u00e7\u00fcn M\u00fck\u0259mm\u0259l H\u0259l tap\u0131n<\/h2>\t\t<\/div>\n\t\t\t\t<\/div>\n\t\t\t\t<div class=\"elementor-element-custom_font_family elementor-element-custom_font_weight elementor-element-custom_color elementor-element elementor-element-e9f8731 elementor-widget elementor-widget-text-editor\" data-id=\"e9f8731\" data-element_type=\"widget\" data-widget_type=\"text-editor.default\">\n\t\t\t\t<div class=\"elementor-widget-container\">\n\t\t\t\t\t\t\t<p>Lorem Ipsum ogravida nibh vel velit auctor alinean sollicitudi orem quis bibendum auctor, nisi elit consequat ipsum, nec sagittis sem nibh id elit. Duis sed odio sit amet nibh porttitor aliquam ex est<\/p>\t\t\t\t\t\t<\/div>\n\t\t\t\t<\/div>\n\t\t\t\t\t<\/div>\n\t\t<\/div>\n\t\t\t\t<div class=\"elementor-column elementor-col-25 elementor-top-column elementor-element elementor-element-b505c64\" data-id=\"b505c64\" data-element_type=\"column\">\n\t\t\t<div class=\"elementor-widget-wrap\">\n\t\t\t\t\t\t\t<\/div>\n\t\t<\/div>\n\t\t\t\t\t<\/div>\n\t\t<\/section>\n\t\t\t\t<section class=\"elementor-section elementor-top-section elementor-element elementor-element-af3eb13 elementor-section-boxed elementor-section-height-default elementor-section-height-default\" data-id=\"af3eb13\" data-element_type=\"section\">\n\t\t\t\t\t\t<div class=\"elementor-container elementor-column-gap-default\">\n\t\t\t\t\t<div class=\"elementor-column elementor-col-33 elementor-top-column elementor-element elementor-element-a15aad9\" data-id=\"a15aad9\" data-element_type=\"column\">\n\t\t\t<div class=\"elementor-widget-wrap elementor-element-populated\">\n\t\t\t\t\t\t<div class=\"elementor-element-custom_font_size elementor-element-custom_font_family elementor-element-custom_font_weight elementor-element-custom_color elementor-element elementor-element-7ca78cd elementor-widget elementor-widget-text-editor\" data-id=\"7ca78cd\" data-element_type=\"widget\" data-widget_type=\"text-editor.default\">\n\t\t\t\t<div class=\"elementor-widget-container\">\n\t\t\t\t\t\t\t<h5>\u018flaq\u0259d\u0259 olmaq<\/h5>\t\t\t\t\t\t<\/div>\n\t\t\t\t<\/div>\n\t\t\t\t<div class=\"elementor-element elementor-element-f7ab0d8 elementor-widget elementor-widget-heading\" data-id=\"f7ab0d8\" data-element_type=\"widget\" data-widget_type=\"heading.default\">\n\t\t\t\t<div class=\"elementor-widget-container\">\n\t\t\t<h2 class=\"elementor-heading-title elementor-size-default\">Biziml\u0259 \u0259laq\u0259 saxlay\u0131n<\/h2>\t\t<\/div>\n\t\t\t\t<\/div>\n\t\t\t\t<div class=\"elementor-element-custom_font_family elementor-element-custom_font_weight elementor-element-custom_color elementor-element elementor-element-3c0a276 elementor-widget elementor-widget-text-editor\" data-id=\"3c0a276\" data-element_type=\"widget\" data-widget_type=\"text-editor.default\">\n\t\t\t\t<div class=\"elementor-widget-container\">\n\t\t\t\t\t\t\t<p>Canl\u0131 s\u00f6hb\u0259t, e-po\u00e7t v\u0259 bili\u015fsel vasit\u0259sil\u0259 d\u00fcnya s\u0259viyy\u0259li, \u00e7evik d\u0259st\u0259yim var. M\u0259n z\u0259man\u0259t verir\u0259m ki, 24 saat \u0259rzind\u0259 ist\u0259nil\u0259n problemi h\u0259ll ed\u0259 bil\u0259c\u0259ksiniz.<\/p>\t\t\t\t\t\t<\/div>\n\t\t\t\t<\/div>\n\t\t\t\t<div class=\"elementor-element elementor-element-5d1fa19 elementor-widget elementor-widget-spacer\" data-id=\"5d1fa19\" data-element_type=\"widget\" data-widget_type=\"spacer.default\">\n\t\t\t\t<div class=\"elementor-widget-container\">\n\t\t\t\t\t<div class=\"elementor-spacer\">\n\t\t\t<div class=\"elementor-spacer-inner\"><\/div>\n\t\t<\/div>\n\t\t\t\t<\/div>\n\t\t\t\t<\/div>\n\t\t\t\t<div class=\"elementor-element elementor-element-c2807bc elementor-widget elementor-widget-gt3-core-custommeta\" data-id=\"c2807bc\" data-element_type=\"widget\" data-widget_type=\"gt3-core-custommeta.default\">\n\t\t\t\t<div class=\"elementor-widget-container\">\n\t\t\t<div class=\"gt3_meta_values_wrapper vertical align_left\"><div class=\"gt3_meta_values_item elementor-repeater-item-04db689\"><span class=\"gt3_meta_label_title\">Telefon:<\/span><div class=\"gt3_meta_value type_custom\">+49 176 80051156<\/div><\/div><div class=\"gt3_meta_values_item elementor-repeater-item-210ff16\"><span class=\"gt3_meta_label_title\">E-po\u00e7t g\u00f6nd\u0259r:<\/span><div class=\"gt3_meta_value type_custom\">info@phoenix.bildungsinstitut.de<\/div><\/div><div class=\"gt3_meta_values_item elementor-repeater-item-30f9222\"><span class=\"gt3_meta_label_title\">\u00dcnvan:<\/span><div class=\"gt3_meta_value type_custom\">torstr.37 Berlin,Germany<\/div><\/div><\/div>\t\t<\/div>\n\t\t\t\t<\/div>\n\t\t\t\t<div class=\"elementor-element elementor-element-eeac774 elementor-widget elementor-widget-gt3-core-custommeta\" data-id=\"eeac774\" data-element_type=\"widget\" data-widget_type=\"gt3-core-custommeta.default\">\n\t\t\t\t<div class=\"elementor-widget-container\">\n\t\t\t<div class=\"gt3_meta_values_wrapper vertical align_left\"><div class=\"gt3_meta_values_item elementor-repeater-item-04db689\"><span class=\"gt3_meta_label_title\">Telefon:<\/span><div class=\"gt3_meta_value type_custom\">+44 7884 725781<\/div><\/div><div class=\"gt3_meta_values_item elementor-repeater-item-210ff16\"><span class=\"gt3_meta_label_title\">E-po\u00e7t g\u00f6nd\u0259r:<\/span><div class=\"gt3_meta_value type_custom\">info@pro-webdesigns.com<\/div><\/div><div class=\"gt3_meta_values_item elementor-repeater-item-30f9222\"><span class=\"gt3_meta_label_title\">\u00dcnvan:<\/span><div class=\"gt3_meta_value type_custom\">Unit 13 Freeland Park Wareham Road, Lytchett Matravers, Poole, \u0130ngilt\u0259r\u0259<\/div><\/div><\/div>\t\t<\/div>\n\t\t\t\t<\/div>\n\t\t\t\t<div class=\"elementor-element elementor-element-96b973e elementor-widget elementor-widget-gt3-core-custommeta\" data-id=\"96b973e\" data-element_type=\"widget\" data-widget_type=\"gt3-core-custommeta.default\">\n\t\t\t\t<div class=\"elementor-widget-container\">\n\t\t\t<div class=\"gt3_meta_values_wrapper vertical align_left\"><div class=\"gt3_meta_values_item elementor-repeater-item-914ef92\"><div class=\"gt3_meta_value type_custom\"><\/div><\/div><\/div>\t\t<\/div>\n\t\t\t\t<\/div>\n\t\t\t\t\t<\/div>\n\t\t<\/div>\n\t\t\t\t<div class=\"elementor-column elementor-col-33 elementor-top-column elementor-element elementor-element-baec281\" data-id=\"baec281\" data-element_type=\"column\">\n\t\t\t<div class=\"elementor-widget-wrap\">\n\t\t\t\t\t\t\t<\/div>\n\t\t<\/div>\n\t\t\t\t<div class=\"elementor-column elementor-col-33 elementor-top-column elementor-element elementor-element-1e81522\" data-id=\"1e81522\" data-element_type=\"column\">\n\t\t\t<div class=\"elementor-widget-wrap elementor-element-populated\">\n\t\t\t\t\t\t<section class=\"elementor-section elementor-inner-section elementor-element elementor-element-0e7dee3 elementor-section-boxed elementor-section-height-default elementor-section-height-default\" data-id=\"0e7dee3\" data-element_type=\"section\">\n\t\t\t\t\t\t<div class=\"elementor-container elementor-column-gap-default\">\n\t\t\t\t\t<div class=\"elementor-column elementor-col-100 elementor-inner-column elementor-element elementor-element-8b975d4\" data-id=\"8b975d4\" data-element_type=\"column\" data-settings=\"{&quot;background_background&quot;:&quot;classic&quot;}\">\n\t\t\t<div class=\"elementor-widget-wrap elementor-element-populated\">\n\t\t\t\t\t\t<div class=\"elementor-element elementor-element-c9a556c elementor-widget elementor-widget-heading\" data-id=\"c9a556c\" data-element_type=\"widget\" data-widget_type=\"heading.default\">\n\t\t\t\t<div class=\"elementor-widget-container\">\n\t\t\t<h2 class=\"elementor-heading-title elementor-size-default\">Biz\u0259 bir x\u0259tt burax\u0131n<\/h2>\t\t<\/div>\n\t\t\t\t<\/div>\n\t\t\t\t<div class=\"elementor-element-custom_font_family elementor-element-custom_font_weight elementor-element-custom_color elementor-element elementor-element-5d82e16 elementor-widget elementor-widget-text-editor\" data-id=\"5d82e16\" data-element_type=\"widget\" data-widget_type=\"text-editor.default\">\n\t\t\t\t<div class=\"elementor-widget-container\">\n\t\t\t\t\t\t\t<p>Proqramlar x\u0259st\u0259nin dincliyini t\u0259min ed\u0259n zaman se\u00e7imdir.<\/p>\t\t\t\t\t\t<\/div>\n\t\t\t\t<\/div>\n\t\t\t\t<div class=\"elementor-element elementor-element-ba9d379 elementor-widget elementor-widget-spacer\" data-id=\"ba9d379\" data-element_type=\"widget\" data-widget_type=\"spacer.default\">\n\t\t\t\t<div class=\"elementor-widget-container\">\n\t\t\t\t\t<div class=\"elementor-spacer\">\n\t\t\t<div class=\"elementor-spacer-inner\"><\/div>\n\t\t<\/div>\n\t\t\t\t<\/div>\n\t\t\t\t<\/div>\n\t\t\t\t<div class=\"elementor-element elementor-element-c3a456a elementor-widget elementor-widget-html\" data-id=\"c3a456a\" data-element_type=\"widget\" data-widget_type=\"html.default\">\n\t\t\t\t<div class=\"elementor-widget-container\">\n\t\t\t\n<div class=\"wpcf7 no-js\" id=\"wpcf7-f1881-o1\" lang=\"en-US\" dir=\"ltr\" data-wpcf7-id=\"1881\">\n<div class=\"screen-reader-response\"><p role=\"status\" aria-live=\"polite\" aria-atomic=\"true\"><\/p> <ul><\/ul><\/div>\n<form action=\"\/wp-json\/wp\/v2\/pages\/382\" method=\"post\" class=\"wpcf7-form init\" aria-label=\"Contact form\" novalidate=\"novalidate\" data-status=\"init\" data-trp-original-action=\"\/az\/wp-json\/wp\/v2\/pages\/382#wpcf7-f1881-o1\">\n<div style=\"display: none;\">\n<input type=\"hidden\" name=\"_wpcf7\" value=\"1881\" \/>\n<input type=\"hidden\" name=\"_wpcf7_version\" value=\"6.0.1\" \/>\n<input type=\"hidden\" name=\"_wpcf7_locale\" value=\"en_US\" \/>\n<input type=\"hidden\" name=\"_wpcf7_unit_tag\" value=\"wpcf7-f1881-o1\" \/>\n<input type=\"hidden\" name=\"_wpcf7_container_post\" value=\"0\" \/>\n<input type=\"hidden\" name=\"_wpcf7_posted_data_hash\" value=\"\" \/>\n<\/div>\n<div class=\"row contact_form_2\">\n\t<div class=\"span6\">\n\t\t<p><span class=\"wpcf7-form-control-wrap\" data-name=\"your-name\"><input size=\"40\" maxlength=\"400\" class=\"wpcf7-form-control wpcf7-text wpcf7-validates-as-required\" aria-required=\"true\" aria-invalid=\"false\" placeholder=\"Ad\u0131n\u0131z*\" value=\"\" type=\"text\" name=\"your-name\" \/><\/span>\n\t\t<\/p>\n\t<\/div>\n\t<div class=\"span6\">\n\t\t<p><span class=\"wpcf7-form-control-wrap\" data-name=\"your-email\"><input size=\"40\" maxlength=\"400\" class=\"wpcf7-form-control wpcf7-email wpcf7-validates-as-required wpcf7-text wpcf7-validates-as-email\" aria-required=\"true\" aria-invalid=\"false\" placeholder=\"E-po\u00e7t*\" value=\"\" type=\"email\" name=\"your-email\" \/><\/span>\n\t\t<\/p>\n\t<\/div>\n\t<div class=\"span6\">\n\t\t<p><span class=\"wpcf7-form-control-wrap\" data-name=\"your-name\"><input size=\"40\" maxlength=\"400\" class=\"wpcf7-form-control wpcf7-text wpcf7-validates-as-required\" aria-required=\"true\" aria-invalid=\"false\" placeholder=\"Telefon\" value=\"\" type=\"text\" name=\"your-name\" \/><\/span>\n\t\t<\/p>\n\t<\/div>\n\t<div class=\"span6\">\n\t\t<p><span class=\"wpcf7-form-control-wrap\" data-name=\"your-url\"><input size=\"40\" maxlength=\"400\" class=\"wpcf7-form-control wpcf7-url wpcf7-validates-as-required wpcf7-text wpcf7-validates-as-url\" aria-required=\"true\" aria-invalid=\"false\" placeholder=\"Veb sayt*\" value=\"\" type=\"url\" name=\"your-url\" \/><\/span>\n\t\t<\/p>\n\t<\/div>\n\t<div class=\"span12\">\n\t\t<p><span class=\"wpcf7-form-control-wrap\" data-name=\"your-message\"><textarea cols=\"40\" rows=\"10\" maxlength=\"2000\" class=\"wpcf7-form-control wpcf7-textarea\" aria-invalid=\"false\" placeholder=\"Mesaj\" name=\"your-message\"><\/textarea><\/span>\n\t\t<\/p>\n\t<\/div>\n\t<div class=\"span12\">\n\t\t<p><input class=\"wpcf7-form-control wpcf7-submit has-spinner\" type=\"submit\" value=\"Mesaj G\u00f6nd\u0259r\" \/>\n\t\t<\/p>\n\t<\/div>\n<\/div><p style=\"display: none !important;\" class=\"akismet-fields-container\" data-prefix=\"_wpcf7_ak_\"><label>&#916;<textarea name=\"_wpcf7_ak_hp_textarea\" cols=\"45\" rows=\"8\" maxlength=\"100\"><\/textarea><\/label><input type=\"hidden\" id=\"ak_js_1\" name=\"_wpcf7_ak_js\" value=\"45\"\/><script>document.getElementById( \"ak_js_1\" ).setAttribute( \"value\", ( new Date() ).getTime() );<\/script><\/p><div class=\"wpcf7-response-output\" aria-hidden=\"true\"><\/div>\n<input type=\"hidden\" name=\"trp-form-language\" value=\"az\"\/><\/form>\n<\/div>\n\t\t<\/div>\n\t\t\t\t<\/div>\n\t\t\t\t\t<\/div>\n\t\t<\/div>\n\t\t\t\t\t<\/div>\n\t\t<\/section>\n\t\t\t\t<div class=\"elementor-element elementor-element-33e5731 elementor-widget elementor-widget-spacer\" data-id=\"33e5731\" data-element_type=\"widget\" data-widget_type=\"spacer.default\">\n\t\t\t\t<div class=\"elementor-widget-container\">\n\t\t\t\t\t<div class=\"elementor-spacer\">\n\t\t\t<div class=\"elementor-spacer-inner\"><\/div>\n\t\t<\/div>\n\t\t\t\t<\/div>\n\t\t\t\t<\/div>\n\t\t\t\t\t<\/div>\n\t\t<\/div>\n\t\t\t\t\t<\/div>\n\t\t<\/section>\n\t\t\t\t<section class=\"elementor-section elementor-top-section elementor-element elementor-element-8c8f5c8 elementor-section-boxed elementor-section-height-default elementor-section-height-default\" data-id=\"8c8f5c8\" data-element_type=\"section\">\n\t\t\t\t\t\t<div class=\"elementor-container elementor-column-gap-default\">\n\t\t\t\t\t<div class=\"elementor-column elementor-col-100 elementor-top-column elementor-element elementor-element-1f70fbf\" data-id=\"1f70fbf\" data-element_type=\"column\">\n\t\t\t<div class=\"elementor-widget-wrap elementor-element-populated\">\n\t\t\t\t\t\t<div class=\"elementor-element elementor-element-e083205 elementor-widget elementor-widget-html\" data-id=\"e083205\" data-element_type=\"widget\" data-widget_type=\"html.default\">\n\t\t\t\t<div class=\"elementor-widget-container\">\n\t\t\t<iframe src=\"https:\/\/www.google.com\/maps\/embed?pb=!1m18!1m12!1m3!1d2498.9518458273687!2d0.00071961906517904!3d0.00000801804031589635!2m3!1f0!2f0!3f0!3m2!1i1024!2i768!4f13.1!3m3!1m2!1s0x4873afcd7bc200df%3A0x9bd707896790d6f4!2sProfessional%20Web%20Design!5e0!3m2!1sen!2str!4v1720997546522!5m2!1sen!2str\" width=\"600\" height=\"450\" style=\"border:0;\" allowfullscreen=\"\" loading=\"lazy\" referrerpolicy=\"no-referrer-when-downgrade\"><\/iframe>\t\t<\/div>\n\t\t\t\t<\/div>\n\t\t\t\t\t<\/div>\n\t\t<\/div>\n\t\t\t\t\t<\/div>\n\t\t<\/section>\n\t\t\t\t<section class=\"elementor-section elementor-top-section elementor-element elementor-element-959c609 elementor-section-full_width elementor-section-height-default elementor-section-height-default\" data-id=\"959c609\" data-element_type=\"section\">\n\t\t\t\t\t\t<div class=\"elementor-container elementor-column-gap-no\">\n\t\t\t\t\t<div class=\"elementor-column elementor-col-100 elementor-top-column elementor-element elementor-element-7f69d57\" data-id=\"7f69d57\" data-element_type=\"column\">\n\t\t\t<div class=\"elementor-widget-wrap elementor-element-populated\">\n\t\t\t\t\t\t<div class=\"elementor-element elementor-element-e585f79 elementor-widget elementor-widget-google_maps\" data-id=\"e585f79\" data-element_type=\"widget\" data-widget_type=\"google_maps.default\">\n\t\t\t\t<div class=\"elementor-widget-container\">\n\t\t\t\t\t<div class=\"elementor-custom-embed\">\n\t\t\t<iframe loading=\"lazy\"\n\t\t\t\t\tsrc=\"https:\/\/maps.google.com\/maps?q=torstr.37%20Berlin%2CGermany&#038;t=m&#038;z=15&#038;output=embed&#038;iwloc=near\"\n\t\t\t\t\ttitle=\"torstr.37 Berlin,Germany\"\n\t\t\t\t\taria-label=\"torstr.37 Berlin,Germany\"\n\t\t\t><\/iframe>\n\t\t<\/div>\n\t\t\t\t<\/div>\n\t\t\t\t<\/div>\n\t\t\t\t\t<\/div>\n\t\t<\/div>\n\t\t\t\t\t<\/div>\n\t\t<\/section>\n\t\t\t\t<\/div>","protected":false},"excerpt":{"rendered":"<p>business Find the Perfect Solution for Your Business Lorem Ipsum ogravida nibh vel velit auctor alinean sollicitudi orem quis bibendum auctor, nisi elit consequat ipsum, nec sagittis sem nibh id elit. Duis sed odio sit amet nibh porttitor aliquam ex est Get in touch Contact Us I have worls-class, flexible support via live chat, email [&hellip;]<\/p>","protected":false},"author":1,"featured_media":0,"parent":0,"menu_order":0,"comment_status":"closed","ping_status":"closed","template":"elementor_header_footer","meta":{"_monsterinsights_skip_tracking":false,"_monsterinsights_sitenote_active":false,"_monsterinsights_sitenote_note":"","_monsterinsights_sitenote_category":0,"footnotes":""},"class_list":["post-382","page","type-page","status-publish","hentry"],"aioseo_notices":[],"_links":{"self":[{"href":"https:\/\/pro-webdesigns.co.uk\/az\/wp-json\/wp\/v2\/pages\/382","targetHints":{"allow":["GET"]}}],"collection":[{"href":"https:\/\/pro-webdesigns.co.uk\/az\/wp-json\/wp\/v2\/pages"}],"about":[{"href":"https:\/\/pro-webdesigns.co.uk\/az\/wp-json\/wp\/v2\/types\/page"}],"author":[{"embeddable":true,"href":"https:\/\/pro-webdesigns.co.uk\/az\/wp-json\/wp\/v2\/users\/1"}],"replies":[{"embeddable":true,"href":"https:\/\/pro-webdesigns.co.uk\/az\/wp-json\/wp\/v2\/comments?post=382"}],"version-history":[{"count":28,"href":"https:\/\/pro-webdesigns.co.uk\/az\/wp-json\/wp\/v2\/pages\/382\/revisions"}],"predecessor-version":[{"id":12177,"href":"https:\/\/pro-webdesigns.co.uk\/az\/wp-json\/wp\/v2\/pages\/382\/revisions\/12177"}],"wp:attachment":[{"href":"https:\/\/pro-webdesigns.co.uk\/az\/wp-json\/wp\/v2\/media?parent=382"}],"curies":[{"name":"wp","href":"https:\/\/api.w.org\/{rel}","templated":true}]}}